{"id":16,"date":"2026-02-08T19:05:29","date_gmt":"2026-02-08T19:05:29","guid":{"rendered":"https:\/\/elticable.fr\/?page_id=16"},"modified":"2026-02-13T23:54:05","modified_gmt":"2026-02-13T23:54:05","slug":"services","status":"publish","type":"page","link":"https:\/\/elticable.fr\/index.php\/services\/","title":{"rendered":"Services"},"content":{"rendered":"\n<div class=\"wp-block-cover alignfull\" style=\"margin-top:0;margin-bottom:0;padding-top:0px;padding-bottom:80px;min-height:300px;aspect-ratio:unset;\"><img fetchpriority=\"high\" decoding=\"async\" width=\"1024\" height=\"648\" class=\"wp-block-cover__image-background wp-image-103 size-large\" alt=\"\" src=\"https:\/\/elticable.fr\/wp-content\/uploads\/2026\/02\/bru-no-handles-7705874_1920-1024x648.jpg\" style=\"object-position:51% 68%\" data-object-fit=\"cover\" data-object-position=\"51% 68%\" srcset=\"https:\/\/elticable.fr\/wp-content\/uploads\/2026\/02\/bru-no-handles-7705874_1920-1024x648.jpg 1024w, https:\/\/elticable.fr\/wp-content\/uploads\/2026\/02\/bru-no-handles-7705874_1920-300x190.jpg 300w, https:\/\/elticable.fr\/wp-content\/uploads\/2026\/02\/bru-no-handles-7705874_1920-768x486.jpg 768w, https:\/\/elticable.fr\/wp-content\/uploads\/2026\/02\/bru-no-handles-7705874_1920-1536x972.jpg 1536w, https:\/\/elticable.fr\/wp-content\/uploads\/2026\/02\/bru-no-handles-7705874_1920.jpg 1920w\" sizes=\"(max-width: 1024px) 100vw, 1024px\" \/><span aria-hidden=\"true\" class=\"wp-block-cover__background has-background-dim-90 has-background-dim wp-block-cover__gradient-background has-background-gradient\" style=\"background:linear-gradient(180deg,rgba(178,85,0,0.87) 0%,rgb(0,0,0) 100%)\"><\/span><div class=\"wp-block-cover__inner-container has-global-padding is-layout-constrained wp-container-core-cover-is-layout-d4c6b484 wp-block-cover-is-layout-constrained\">\n<div style=\"height:150px\" aria-hidden=\"true\" class=\"wp-block-spacer\"><\/div>\n\n\n\n<h1 class=\"wp-block-heading has-text-align-center has-text-color has-link-color has-suranna-font-family wp-elements-4c9109182ab96cf4cec3330332cc84b4\" style=\"color:#ffffff;font-size:clamp(38.682px, 2.418rem + ((1vw - 3.2px) * 3.786), 72px);font-style:normal;font-weight:500\">Expertise \u00c9lectrique<\/h1>\n<\/div><\/div>\n\n\n\n<div class=\"wp-block-group alignfull has-global-padding is-layout-constrained wp-container-core-group-is-layout-4383d167 wp-block-group-is-layout-constrained\">\n<div class=\"wp-block-group alignwide has-global-padding is-layout-constrained wp-container-core-group-is-layout-5ff8a92b wp-block-group-is-layout-constrained\" style=\"margin-top:0;margin-bottom:0;padding-top:100px;padding-bottom:100px\">\n<div class=\"wp-block-columns is-layout-flex wp-container-core-columns-is-layout-92515837 wp-block-columns-is-layout-flex\">\n<div class=\"wp-block-column is-vertically-aligned-center is-layout-flow wp-block-column-is-layout-flow\">\n<figure class=\"wp-block-image alignleft size-full has-custom-border is-style-default\"><img decoding=\"async\" width=\"1920\" height=\"1280\" src=\"https:\/\/elticable.fr\/wp-content\/uploads\/2026\/02\/pexels-christina99999-30413428-1.jpg\" alt=\"\" class=\"wp-image-100\" style=\"border-top-left-radius:30px;border-top-right-radius:30px;border-bottom-left-radius:30px;border-bottom-right-radius:30px;aspect-ratio:3\/2;object-fit:cover\" srcset=\"https:\/\/elticable.fr\/wp-content\/uploads\/2026\/02\/pexels-christina99999-30413428-1.jpg 1920w, https:\/\/elticable.fr\/wp-content\/uploads\/2026\/02\/pexels-christina99999-30413428-1-300x200.jpg 300w, https:\/\/elticable.fr\/wp-content\/uploads\/2026\/02\/pexels-christina99999-30413428-1-1024x683.jpg 1024w, https:\/\/elticable.fr\/wp-content\/uploads\/2026\/02\/pexels-christina99999-30413428-1-768x512.jpg 768w, https:\/\/elticable.fr\/wp-content\/uploads\/2026\/02\/pexels-christina99999-30413428-1-1536x1024.jpg 1536w\" sizes=\"(max-width: 1920px) 100vw, 1920px\" \/><\/figure>\n<\/div>\n\n\n\n<div class=\"wp-block-column is-vertically-aligned-center has-global-padding is-content-justification-left is-layout-constrained wp-container-core-column-is-layout-12dd3699 wp-block-column-is-layout-constrained\">\n<h3 class=\"wp-block-heading has-text-align-left has-text-color has-suranna-font-family\" style=\"color:#000000;margin-top:0.5rem;margin-bottom:0rem;font-size:clamp(24.034px, 1.502rem + ((1vw - 3.2px) * 1.814), 40px);font-style:normal;font-weight:500;letter-spacing:0px;line-height:1.3\">Travaux \u00c9lectriques<\/h3>\n\n\n\n<hr class=\"wp-block-separator has-alpha-channel-opacity\"\/>\n\n\n\n<p class=\"has-text-color has-link-color has-pontano-sans-font-family wp-elements-64acd9c5b2cd19864821031dfea66db4\" style=\"color:#000000;font-size:clamp(14px, 0.875rem + ((1vw - 3.2px) * 0.455), 18px);\">Nos travaux \u00e9lectriques garantissent s\u00e9curit\u00e9 et efficacit\u00e9. Que ce soit pour une nouvelle installation ou une r\u00e9novation, nous sommes l\u00e0 pour r\u00e9pondre \u00e0 tous vos besoins avec soin et expertise.<\/p>\n\n\n\n<p class=\"has-text-color has-link-color has-pontano-sans-font-family wp-elements-43efdc432deb2aa389f0217ae931acd9\" style=\"color:#000000;font-size:clamp(14px, 0.875rem + ((1vw - 3.2px) * 0.455), 18px);\">Nous utilisons des mat\u00e9riaux de haute qualit\u00e9 pour assurer la durabilit\u00e9 de vos installations. Notre \u00e9quipe exp\u00e9riment\u00e9e veille \u00e0 respecter les normes en vigueur, vous offrant ainsi tranquillit\u00e9 d\u02bcesprit et un service irr\u00e9prochable.<\/p>\n\n\n\n<p class=\"has-text-color has-link-color has-pontano-sans-font-family wp-elements-16cfc24d543167aa57499799edc67c8c\" style=\"color:#000000;font-size:clamp(14px, 0.875rem + ((1vw - 3.2px) * 0.455), 18px);\">Chaque projet est unique, c\u02bcest pourquoi nous \u00e9coutons attentivement vos besoins. Nous vous conseillons sur les meilleures solutions adapt\u00e9es \u00e0 votre espace, tout en respectant votre budget. Votre satisfaction est notre priorit\u00e9!<\/p>\n\n\n\n<p class=\"has-text-color has-link-color has-pontano-sans-font-family wp-elements-9d14c7ac140431322a0d61777b9b26c5\" style=\"color:#000000;font-size:clamp(14px, 0.875rem + ((1vw - 3.2px) * 0.455), 18px);\">Nos interventions sont rapides et soign\u00e9es, minimisant les d\u00e9sagr\u00e9ments pour vous. Nous nous engageons \u00e0 terminer les travaux dans les d\u00e9lais convenus, vous permettant de retrouver votre confort en un rien de temps.<\/p>\n\n\n\n<p class=\"has-text-color has-link-color has-pontano-sans-font-family wp-elements-57673b9444a50ab4a952df4b40d105f6\" style=\"color:#000000;font-size:clamp(14px, 0.875rem + ((1vw - 3.2px) * 0.455), 18px);\">Faites confiance \u00e0 ELTICABLE pour tous vos travaux \u00e9lectriques. Avec notre expertise et notre passion, nous transformerons vos id\u00e9es en r\u00e9alit\u00e9. Contactez-nous d\u00e8s aujourd\u02bchui pour un devis gratuit et personnalis\u00e9.<\/p>\n\n\n\n<div class=\"wp-block-buttons is-horizontal is-content-justification-left is-layout-flex wp-container-core-buttons-is-layout-324fa30b wp-block-buttons-is-layout-flex\" style=\"margin-top:20px\">\n<div class=\"wp-block-button has-custom-width wp-block-button__width-50 is-style-fill\"><a class=\"wp-block-button__link has-text-color has-background has-pontano-sans-font-family has-custom-font-size wp-element-button\" href=\"https:\/\/elticable.fr\/index.php\/contact\/\" style=\"border-style:none;border-width:0px;border-radius:0rem;color:#fffffd;background-color:#e27013;padding-top:0.71rem;padding-right:0.31rem;padding-bottom:0.71rem;padding-left:0.31rem;box-shadow:12px 12px 50px rgba(0, 0, 0, 0.4);font-size:clamp(0.875rem, 0.875rem + ((1vw - 0.2rem) * 0.591), 1.2rem);font-style:normal;font-weight:600;letter-spacing:1px;line-height:1.5;text-transform:none\">Demander un Devis<\/a><\/div>\n<\/div>\n<\/div>\n<\/div>\n<\/div>\n<\/div>\n\n\n\n<div class=\"wp-block-group alignfull has-global-padding is-layout-constrained wp-container-core-group-is-layout-4383d167 wp-block-group-is-layout-constrained\">\n<div class=\"wp-block-group alignwide has-global-padding is-layout-constrained wp-container-core-group-is-layout-1be1424c wp-block-group-is-layout-constrained\" style=\"margin-top:0;margin-bottom:0;padding-bottom:100px\">\n<div class=\"wp-block-columns is-layout-flex wp-container-core-columns-is-layout-92515837 wp-block-columns-is-layout-flex\">\n<div class=\"wp-block-column is-vertically-aligned-center has-global-padding is-content-justification-left is-layout-constrained wp-container-core-column-is-layout-12dd3699 wp-block-column-is-layout-constrained\">\n<h3 class=\"wp-block-heading has-text-align-left has-text-color has-suranna-font-family\" style=\"color:#000000;margin-top:0.5rem;margin-bottom:0rem;font-size:clamp(24.034px, 1.502rem + ((1vw - 3.2px) * 1.814), 40px);font-style:normal;font-weight:500;letter-spacing:0px;line-height:1.3\">D\u00e9pannages Rapides<\/h3>\n\n\n\n<hr class=\"wp-block-separator has-alpha-channel-opacity\"\/>\n\n\n\n<p class=\"has-text-color has-link-color has-pontano-sans-font-family wp-elements-59626d5f0ff347aaf8951cebc886168d\" style=\"color:#000000;font-size:clamp(14px, 0.875rem + ((1vw - 3.2px) * 0.455), 18px);\">Nos d\u00e9pannages rapides vous soulageront en cas d\u2019urgence. Que ce soit une panne d\u2019\u00e9lectricit\u00e9 ou un court-circuit, notre \u00e9quipe est pr\u00eate \u00e0 intervenir rapidement pour r\u00e9tablir votre confort et votre s\u00e9curit\u00e9.<\/p>\n\n\n\n<p class=\"has-text-color has-link-color has-pontano-sans-font-family wp-elements-4d6d09cb3ff0262295e267167d109b83\" style=\"color:#000000;font-size:clamp(14px, 0.875rem + ((1vw - 3.2px) * 0.455), 18px);\">Nous comprenons l\u02bcimportance d\u02bcune \u00e9lectricit\u00e9 fonctionnelle dans votre quotidien. C\u02bcest pourquoi nous sommes disponibles 24\/7 pour r\u00e9pondre \u00e0 vos besoins. Notre expertise nous permet de diagnostiquer rapidement les probl\u00e8mes.<\/p>\n\n\n\n<p class=\"has-text-color has-link-color has-pontano-sans-font-family wp-elements-36719afcda34b14f21885b3a1397338e\" style=\"color:#000000;font-size:clamp(14px, 0.875rem + ((1vw - 3.2px) * 0.455), 18px);\">Avec des outils modernes et une approche efficace, nous garantissons un service rapide et de qualit\u00e9. Nos techniciens qualifi\u00e9s travaillent avec pr\u00e9cision pour minimiser les interruptions et remettre vos installations en \u00e9tat.<\/p>\n\n\n\n<p class=\"has-text-color has-link-color has-pontano-sans-font-family wp-elements-ad2ff1f8eeedfc784e569ad794ca5de5\" style=\"color:#000000;font-size:clamp(14px, 0.875rem + ((1vw - 3.2px) * 0.455), 18px);\">Nous croyons en la transparence. Avant chaque intervention, nous vous informons des co\u00fbts afin que vous sachiez exactement \u00e0 quoi vous attendre. Pas de surprises, juste un service honn\u00eate et fiable \u00e0 chaque fois.<\/p>\n\n\n\n<p class=\"has-text-color has-link-color has-pontano-sans-font-family wp-elements-27a5bd84b5967f6626ab4aee5793ddbc\" style=\"color:#000000;font-size:clamp(14px, 0.875rem + ((1vw - 3.2px) * 0.455), 18px);\">Ne laissez pas une panne vous stresser! Faites appel \u00e0 ELTICABLE pour un d\u00e9pannage rapide et efficace. Contactez-nous maintenant et retrouvez votre s\u00e9r\u00e9nit\u00e9 avec un service sur lequel vous pourrez toujours compter !<\/p>\n\n\n\n<div class=\"wp-block-buttons is-horizontal is-content-justification-left is-layout-flex wp-container-core-buttons-is-layout-324fa30b wp-block-buttons-is-layout-flex\" style=\"margin-top:20px\">\n<div class=\"wp-block-button has-custom-width wp-block-button__width-50 is-style-fill\"><a class=\"wp-block-button__link has-text-color has-background has-pontano-sans-font-family has-custom-font-size wp-element-button\" href=\"https:\/\/elticable.fr\/index.php\/contact\/\" style=\"border-style:none;border-width:0px;border-radius:0rem;color:#fffffd;background-color:#e27013;padding-top:0.71rem;padding-right:0.31rem;padding-bottom:0.71rem;padding-left:0.31rem;box-shadow:12px 12px 50px rgba(0, 0, 0, 0.4);font-size:clamp(0.875rem, 0.875rem + ((1vw - 0.2rem) * 0.591), 1.2rem);font-style:normal;font-weight:600;letter-spacing:1px;line-height:1.5;text-transform:none\">Intervention imm\u00e9diate !<\/a><\/div>\n<\/div>\n<\/div>\n\n\n\n<div class=\"wp-block-column is-vertically-aligned-center is-layout-flow wp-block-column-is-layout-flow\">\n<figure class=\"wp-block-image alignright size-full has-custom-border\"><img decoding=\"async\" width=\"1280\" height=\"853\" src=\"https:\/\/elticable.fr\/wp-content\/uploads\/2026\/02\/pexels-mart-production-7640990-1-edited-1.jpg\" alt=\"\" class=\"wp-image-106\" style=\"border-top-left-radius:30px;border-top-right-radius:30px;border-bottom-left-radius:30px;border-bottom-right-radius:30px;aspect-ratio:3\/2;object-fit:cover\" srcset=\"https:\/\/elticable.fr\/wp-content\/uploads\/2026\/02\/pexels-mart-production-7640990-1-edited-1.jpg 1280w, https:\/\/elticable.fr\/wp-content\/uploads\/2026\/02\/pexels-mart-production-7640990-1-edited-1-300x200.jpg 300w, https:\/\/elticable.fr\/wp-content\/uploads\/2026\/02\/pexels-mart-production-7640990-1-edited-1-1024x682.jpg 1024w, https:\/\/elticable.fr\/wp-content\/uploads\/2026\/02\/pexels-mart-production-7640990-1-edited-1-768x512.jpg 768w\" sizes=\"(max-width: 1280px) 100vw, 1280px\" \/><\/figure>\n<\/div>\n<\/div>\n<\/div>\n<\/div>\n\n\n\n<div class=\"wp-block-group alignfull has-global-padding is-layout-constrained wp-container-core-group-is-layout-4383d167 wp-block-group-is-layout-constrained\">\n<div class=\"wp-block-group alignwide has-global-padding is-layout-constrained wp-container-core-group-is-layout-1be1424c wp-block-group-is-layout-constrained\" style=\"margin-top:0;margin-bottom:0;padding-bottom:100px\">\n<div class=\"wp-block-columns is-layout-flex wp-container-core-columns-is-layout-92515837 wp-block-columns-is-layout-flex\">\n<div class=\"wp-block-column is-vertically-aligned-center is-layout-flow wp-block-column-is-layout-flow\">\n<figure class=\"wp-block-image size-full has-custom-border\"><img loading=\"lazy\" decoding=\"async\" width=\"2560\" height=\"1705\" src=\"https:\/\/elticable.fr\/wp-content\/uploads\/2026\/02\/intrapixel-7XaBaKwrV1E-unsplash-1-scaled.jpg\" alt=\"\" class=\"wp-image-102\" style=\"border-top-left-radius:30px;border-top-right-radius:30px;border-bottom-left-radius:30px;border-bottom-right-radius:30px;aspect-ratio:3\/2;object-fit:cover\" srcset=\"https:\/\/elticable.fr\/wp-content\/uploads\/2026\/02\/intrapixel-7XaBaKwrV1E-unsplash-1-scaled.jpg 2560w, https:\/\/elticable.fr\/wp-content\/uploads\/2026\/02\/intrapixel-7XaBaKwrV1E-unsplash-1-300x200.jpg 300w, https:\/\/elticable.fr\/wp-content\/uploads\/2026\/02\/intrapixel-7XaBaKwrV1E-unsplash-1-1024x682.jpg 1024w, https:\/\/elticable.fr\/wp-content\/uploads\/2026\/02\/intrapixel-7XaBaKwrV1E-unsplash-1-768x511.jpg 768w, https:\/\/elticable.fr\/wp-content\/uploads\/2026\/02\/intrapixel-7XaBaKwrV1E-unsplash-1-1536x1023.jpg 1536w, https:\/\/elticable.fr\/wp-content\/uploads\/2026\/02\/intrapixel-7XaBaKwrV1E-unsplash-1-2048x1364.jpg 2048w\" sizes=\"(max-width: 2560px) 100vw, 2560px\" \/><\/figure>\n<\/div>\n\n\n\n<div class=\"wp-block-column is-vertically-aligned-center has-global-padding is-content-justification-left is-layout-constrained wp-container-core-column-is-layout-12dd3699 wp-block-column-is-layout-constrained\">\n<h3 class=\"wp-block-heading has-text-align-left has-text-color has-suranna-font-family\" style=\"color:#000000;margin-top:0.5rem;margin-bottom:0rem;font-size:clamp(24.034px, 1.502rem + ((1vw - 3.2px) * 1.814), 40px);font-style:normal;font-weight:500;letter-spacing:0px;line-height:1.3\">Remises en Conformit\u00e9<\/h3>\n\n\n\n<hr class=\"wp-block-separator has-alpha-channel-opacity\"\/>\n\n\n\n<p class=\"has-text-color has-link-color has-pontano-sans-font-family wp-elements-a890d4e5f78173a08f934364386c8e22\" style=\"color:#000000;font-size:clamp(14px, 0.875rem + ((1vw - 3.2px) * 0.455), 18px);\">Nos remises en conformit\u00e9 garantissent la s\u00e9curit\u00e9 de vos installations \u00e9lectriques. Nous v\u00e9rifions chaque d\u00e9tail pour nous assurer que tout respecte les normes en vigueur, vous prot\u00e9geant ainsi des risques potentiels.<\/p>\n\n\n\n<p class=\"has-text-color has-link-color has-pontano-sans-font-family wp-elements-d5319013b80409540b2bf007f9b56da4\" style=\"color:#000000;font-size:clamp(14px, 0.875rem + ((1vw - 3.2px) * 0.455), 18px);\">Nous effectuons des diagnostics complets pour identifier les points faibles de votre syst\u00e8me \u00e9lectrique. Gr\u00e2ce \u00e0 notre expertise, nous vous aidons \u00e0 pr\u00e9venir les accidents et \u00e0 am\u00e9liorer l\u02bcefficacit\u00e9 de votre installation.<\/p>\n\n\n\n<p class=\"has-text-color has-link-color has-pontano-sans-font-family wp-elements-51f16c4a29dcc10c28e5a21c375d9e9d\" style=\"color:#000000;font-size:clamp(14px, 0.875rem + ((1vw - 3.2px) * 0.455), 18px);\">Nos techniciens qualifi\u00e9s s\u02bcassurent que toutes les mises \u00e0 jour sont r\u00e9alis\u00e9es avec rigueur. Nous utilisons des \u00e9quipements modernes et des techniques \u00e9prouv\u00e9es pour garantir des r\u00e9sultats durables et conformes aux normes.<\/p>\n\n\n\n<p class=\"has-text-color has-link-color has-pontano-sans-font-family wp-elements-692b7255c74a8dd330c4f2f2a2f2f5c5\" style=\"color:#000000;font-size:clamp(14px, 0.875rem + ((1vw - 3.2px) * 0.455), 18px);\">La s\u00e9curit\u00e9 de votre famille et de vos biens est notre priorit\u00e9. Nous vous accompagnons \u00e0 chaque \u00e9tape pour vous assurer tranquillit\u00e9 d\u02bcesprit. Avec Elticable, votre installation sera toujours \u00e0 jour et s\u00e9curis\u00e9e.<\/p>\n\n\n\n<p class=\"has-text-color has-link-color has-pontano-sans-font-family wp-elements-c64cdf0e7923167efe04a671c616bbde\" style=\"color:#000000;font-size:clamp(14px, 0.875rem + ((1vw - 3.2px) * 0.455), 18px);\">Ne laissez pas les normes \u00e9lectriques vous inqui\u00e9ter ! Contactez Elticable pour une remise en conformit\u00e9 rapide et efficace. Prot\u00e9gez votre espace avec un service professionnel et fiable. Nous sommes l\u00e0 pour vous aider !<\/p>\n\n\n\n<div class=\"wp-block-buttons is-horizontal is-content-justification-left is-layout-flex wp-container-core-buttons-is-layout-324fa30b wp-block-buttons-is-layout-flex\" style=\"margin-top:20px\">\n<div class=\"wp-block-button has-custom-width wp-block-button__width-50 is-style-fill\"><a class=\"wp-block-button__link has-text-color has-background has-pontano-sans-font-family has-custom-font-size wp-element-button\" href=\"https:\/\/elticable.fr\/index.php\/contact\/\" style=\"border-style:none;border-width:0px;border-radius:0rem;color:#fffffd;background-color:#e27013;padding-top:0.71rem;padding-right:0.31rem;padding-bottom:0.71rem;padding-left:0.31rem;box-shadow:12px 12px 50px rgba(0, 0, 0, 0.4);font-size:clamp(0.875rem, 0.875rem + ((1vw - 0.2rem) * 0.591), 1.2rem);font-style:normal;font-weight:600;letter-spacing:1px;line-height:1.5;text-transform:none\">V\u00e9rifier maintenant<\/a><\/div>\n<\/div>\n<\/div>\n<\/div>\n<\/div>\n<\/div>\n\n\n\n<section class=\"wp-block-cover alignfull\" style=\"margin-top:0px;padding-top:1.01rem;padding-bottom:1.01rem;min-height:430px;aspect-ratio:unset;\"><img loading=\"lazy\" decoding=\"async\" width=\"1024\" height=\"684\" class=\"wp-block-cover__image-background wp-image-113 size-large\" alt=\"\" src=\"https:\/\/elticable.fr\/wp-content\/uploads\/2026\/02\/pexels-pavel-danilyuk-7937354-1024x684.jpg\" style=\"object-position:42% 100%\" data-object-fit=\"cover\" data-object-position=\"42% 100%\" srcset=\"https:\/\/elticable.fr\/wp-content\/uploads\/2026\/02\/pexels-pavel-danilyuk-7937354-1024x684.jpg 1024w, https:\/\/elticable.fr\/wp-content\/uploads\/2026\/02\/pexels-pavel-danilyuk-7937354-300x200.jpg 300w, https:\/\/elticable.fr\/wp-content\/uploads\/2026\/02\/pexels-pavel-danilyuk-7937354-768x513.jpg 768w, https:\/\/elticable.fr\/wp-content\/uploads\/2026\/02\/pexels-pavel-danilyuk-7937354-1536x1025.jpg 1536w, https:\/\/elticable.fr\/wp-content\/uploads\/2026\/02\/pexels-pavel-danilyuk-7937354-2048x1367.jpg 2048w\" sizes=\"(max-width: 1024px) 100vw, 1024px\" \/><span aria-hidden=\"true\" class=\"wp-block-cover__background has-background-dim-70 has-background-dim wp-block-cover__gradient-background has-background-gradient\" style=\"background:linear-gradient(90deg,rgb(255,255,255) 0%,rgb(0,0,0) 50%,rgb(255,255,255) 100%)\"><\/span><div class=\"wp-block-cover__inner-container has-global-padding is-layout-constrained wp-container-core-cover-is-layout-b1bebcb3 wp-block-cover-is-layout-constrained\">\n<div class=\"wp-block-group has-text-color is-layout-flow wp-block-group-is-layout-flow\" style=\"color:#fffffd;margin-top:0px;padding-top:0rem;padding-right:1rem;padding-bottom:0rem;padding-left:1rem;font-size:clamp(0.875rem, 0.875rem + ((1vw - 0.2rem) * 0.464), 1.13rem);font-style:normal;font-weight:400;line-height:1.4\">\n<div class=\"wp-block-group has-global-padding is-layout-constrained wp-container-core-group-is-layout-bdbfdc43 wp-block-group-is-layout-constrained\">\n<p class=\"has-text-align-center has-text-color\" style=\"color:#fffffd;margin-bottom:0rem;font-size:clamp(1.507rem, 1.507rem + ((1vw - 0.2rem) * 1.824), 2.51rem);font-style:normal;font-weight:400;line-height:1.2\">Notre engagement envers la qualit\u00e9 et la satisfaction client est notre priorit\u00e9 absolue.<\/p>\n<\/div>\n\n\n\n<div class=\"wp-block-group is-vertical is-content-justification-stretch is-layout-flex wp-container-core-group-is-layout-bfdebe91 wp-block-group-is-layout-flex\" style=\"margin-top:1.81rem;padding-right:0px;padding-left:0px\">\n<div class=\"wp-block-group has-global-padding is-content-justification-center is-layout-constrained wp-container-core-group-is-layout-2f0bcb29 wp-block-group-is-layout-constrained\" style=\"margin-top:0px\">\n<div class=\"wp-block-buttons is-horizontal is-content-justification-right is-layout-flex wp-container-core-buttons-is-layout-099266fd wp-block-buttons-is-layout-flex\" style=\"margin-top:0.51rem\">\n<div class=\"wp-block-button has-custom-width wp-block-button__width-100 is-style-fill\"><a class=\"wp-block-button__link has-text-color has-background has-custom-font-size wp-element-button\" href=\"https:\/\/elticable.fr\/index.php\/contact\/\" style=\"border-style:none;border-width:0px;border-radius:0rem;color:#fffffd;background-color:#e27013;padding-top:0.71rem;padding-right:0.31rem;padding-bottom:0.71rem;padding-left:0.31rem;box-shadow:12px 12px 50px rgba(0, 0, 0, 0.4);font-size:clamp(0.875rem, 0.875rem + ((1vw - 0.2rem) * 0.591), 1.2rem);font-style:normal;font-weight:600;line-height:1.5;text-transform:uppercase\">Choisir Elticable<\/a><\/div>\n<\/div>\n<\/div>\n<\/div>\n<\/div>\n<\/div><\/section>\n\n\n\n<p><\/p>\n","protected":false},"excerpt":{"rendered":"<p>Travaux \u00c9lectriques Nos travaux \u00e9lectriques garantissent s\u00e9curit\u00e9 et efficacit\u00e9. Que ce soit pour une nouvelle installation ou une r\u00e9novation, nous sommes l\u00e0 pour r\u00e9pondre \u00e0 tous vos besoins avec soin et expertise. Nous utilisons des mat\u00e9riaux de haute qualit\u00e9 pour assurer la durabilit\u00e9 de vos installations. Notre \u00e9quipe exp\u00e9riment\u00e9e veille \u00e0 respecter les normes en [&hellip;]<\/p>\n","protected":false},"author":1,"featured_media":0,"parent":0,"menu_order":0,"comment_status":"closed","ping_status":"closed","template":"","meta":{"footnotes":""},"class_list":["post-16","page","type-page","status-publish","hentry"],"_links":{"self":[{"href":"https:\/\/elticable.fr\/index.php\/wp-json\/wp\/v2\/pages\/16","targetHints":{"allow":["GET"]}}],"collection":[{"href":"https:\/\/elticable.fr\/index.php\/wp-json\/wp\/v2\/pages"}],"about":[{"href":"https:\/\/elticable.fr\/index.php\/wp-json\/wp\/v2\/types\/page"}],"author":[{"embeddable":true,"href":"https:\/\/elticable.fr\/index.php\/wp-json\/wp\/v2\/users\/1"}],"replies":[{"embeddable":true,"href":"https:\/\/elticable.fr\/index.php\/wp-json\/wp\/v2\/comments?post=16"}],"version-history":[{"count":17,"href":"https:\/\/elticable.fr\/index.php\/wp-json\/wp\/v2\/pages\/16\/revisions"}],"predecessor-version":[{"id":293,"href":"https:\/\/elticable.fr\/index.php\/wp-json\/wp\/v2\/pages\/16\/revisions\/293"}],"wp:attachment":[{"href":"https:\/\/elticable.fr\/index.php\/wp-json\/wp\/v2\/media?parent=16"}],"curies":[{"name":"wp","href":"https:\/\/api.w.org\/{rel}","templated":true}]}}