{"id":14,"date":"2026-02-08T19:04:58","date_gmt":"2026-02-08T19:04:58","guid":{"rendered":"https:\/\/elticable.fr\/?page_id=14"},"modified":"2026-02-13T23:51:41","modified_gmt":"2026-02-13T23:51:41","slug":"a-propos","status":"publish","type":"page","link":"https:\/\/elticable.fr\/index.php\/a-propos\/","title":{"rendered":"A propos"},"content":{"rendered":"\n<div class=\"wp-block-cover alignfull\" style=\"margin-top:0;margin-bottom:0;padding-top:0px;padding-bottom:80px;min-height:300px;aspect-ratio:unset;\"><img fetchpriority=\"high\" decoding=\"async\" width=\"1024\" height=\"683\" class=\"wp-block-cover__image-background wp-image-74 size-large\" alt=\"\" src=\"https:\/\/elticable.fr\/wp-content\/uploads\/2026\/02\/sid74-electrician-3273340_1920-1024x683.jpg\" data-object-fit=\"cover\" srcset=\"https:\/\/elticable.fr\/wp-content\/uploads\/2026\/02\/sid74-electrician-3273340_1920-1024x683.jpg 1024w, https:\/\/elticable.fr\/wp-content\/uploads\/2026\/02\/sid74-electrician-3273340_1920-300x200.jpg 300w, https:\/\/elticable.fr\/wp-content\/uploads\/2026\/02\/sid74-electrician-3273340_1920-768x512.jpg 768w, https:\/\/elticable.fr\/wp-content\/uploads\/2026\/02\/sid74-electrician-3273340_1920-1536x1024.jpg 1536w, https:\/\/elticable.fr\/wp-content\/uploads\/2026\/02\/sid74-electrician-3273340_1920.jpg 1920w\" sizes=\"(max-width: 1024px) 100vw, 1024px\" \/><span aria-hidden=\"true\" class=\"wp-block-cover__background has-black-background-color has-background-dim\"><\/span><div class=\"wp-block-cover__inner-container has-global-padding is-layout-constrained wp-container-core-cover-is-layout-d4c6b484 wp-block-cover-is-layout-constrained\">\n<div style=\"height:150px\" aria-hidden=\"true\" class=\"wp-block-spacer\"><\/div>\n\n\n\n<h1 class=\"wp-block-heading has-text-align-center has-text-color has-link-color has-suranna-font-family wp-elements-7eb5cc0a3fa7e36aa49fdb851711195b\" style=\"color:#ffffff;font-size:clamp(38.682px, 2.418rem + ((1vw - 3.2px) * 3.786), 72px);font-style:normal;font-weight:500\">Votre \u00c9lectricien<\/h1>\n<\/div><\/div>\n\n\n\n<section class=\"wp-block-group alignfull has-global-padding is-layout-constrained wp-container-core-group-is-layout-608bbd49 wp-block-group-is-layout-constrained\" style=\"margin-top:0px;padding-top:6rem;padding-right:1rem;padding-bottom:5rem;padding-left:1rem;font-size:clamp(0.875rem, 0.875rem + ((1vw - 0.2rem) * 0.464), 1.13rem);font-style:normal;font-weight:400;line-height:1.4\">\n<div class=\"wp-block-columns is-layout-flex wp-container-core-columns-is-layout-03ad6a19 wp-block-columns-is-layout-flex\" style=\"margin-bottom:0px\">\n<div class=\"wp-block-column is-vertically-aligned-center is-layout-flow wp-block-column-is-layout-flow\" style=\"flex-basis:50%\">\n<figure class=\"wp-block-image alignleft size-full has-custom-border\"><img decoding=\"async\" width=\"1920\" height=\"1280\" src=\"https:\/\/elticable.fr\/wp-content\/uploads\/2026\/02\/pexels-cottonbro-5090635-1.jpg\" alt=\"\" class=\"wp-image-76\" style=\"border-top-left-radius:30px;border-top-right-radius:30px;border-bottom-left-radius:30px;border-bottom-right-radius:30px;aspect-ratio:1;object-fit:cover\" srcset=\"https:\/\/elticable.fr\/wp-content\/uploads\/2026\/02\/pexels-cottonbro-5090635-1.jpg 1920w, https:\/\/elticable.fr\/wp-content\/uploads\/2026\/02\/pexels-cottonbro-5090635-1-300x200.jpg 300w, https:\/\/elticable.fr\/wp-content\/uploads\/2026\/02\/pexels-cottonbro-5090635-1-1024x683.jpg 1024w, https:\/\/elticable.fr\/wp-content\/uploads\/2026\/02\/pexels-cottonbro-5090635-1-768x512.jpg 768w, https:\/\/elticable.fr\/wp-content\/uploads\/2026\/02\/pexels-cottonbro-5090635-1-1536x1024.jpg 1536w\" sizes=\"(max-width: 1920px) 100vw, 1920px\" \/><\/figure>\n<\/div>\n\n\n\n<div class=\"wp-block-column is-vertically-aligned-center has-global-padding is-layout-constrained wp-container-core-column-is-layout-c4a7d96a wp-block-column-is-layout-constrained\" style=\"flex-basis:50%\">\n<h3 class=\"wp-block-heading has-text-align-left has-text-color has-suranna-font-family\" style=\"color:#000000;margin-top:0.5rem;margin-bottom:0rem;font-size:clamp(24.034px, 1.502rem + ((1vw - 3.2px) * 1.814), 40px);font-style:normal;font-weight:500;letter-spacing:0px;line-height:1.3\">Votre \u00c9nergie, Notre Passion<\/h3>\n\n\n\n<p class=\"has-text-align-left has-text-color\" style=\"color:#000000;margin-top:20px;margin-bottom:20px;font-size:clamp(14px, 0.875rem + ((1vw - 3.2px) * 0.455), 18px);font-style:normal;font-weight:400;line-height:1.5\">Chez ELTICABLE, nous croyons que chaque foyer m\u00e9rite une \u00e9lectricit\u00e9 s\u00fbre et efficace. Notre \u00e9quipe d\u2019artisans qualifi\u00e9s est d\u00e9di\u00e9e \u00e0 fournir des services d\u2019\u00e9lectricit\u00e9 g\u00e9n\u00e9rale, des d\u00e9pannages rapides et des mises en conformit\u00e9 rigoureuses. Bas\u00e9s dans le Val de Marne, nous sommes fiers de notre savoir-faire et de notre engagement envers la satisfaction de nos clients. Notre zone d&rsquo;intervention s&rsquo;\u00e9tend de <mark style=\"background-color:rgba(0, 0, 0, 0)\" class=\"has-inline-color has-black-color\">Paris (75)<\/mark> \u00e0 l&rsquo;enti\u00e8ret\u00e9 du Val de Marne (94). Chaque projet est une occasion de transformer votre espace et d\u2019am\u00e9liorer votre confort. Avec ELTICABLE, vous choisissez la tranquillit\u00e9 d\u02bcesprit et l\u2019excellence.<\/p>\n\n\n\n<div class=\"wp-block-buttons is-horizontal is-content-justification-left is-layout-flex wp-container-core-buttons-is-layout-2c34cf1c wp-block-buttons-is-layout-flex\" style=\"margin-top:0.51rem\">\n<div class=\"wp-block-button has-custom-width wp-block-button__width-50 is-style-fill\"><a class=\"wp-block-button__link has-text-color has-background has-pontano-sans-font-family has-custom-font-size wp-element-button\" href=\"https:\/\/elticable.fr\/index.php\/contact\/\" style=\"border-style:none;border-width:0px;border-radius:0rem;color:#fffffd;background-color:#e27013;padding-top:0.71rem;padding-right:0.31rem;padding-bottom:0.71rem;padding-left:0.31rem;box-shadow:12px 12px 50px rgba(0, 0, 0, 0.4);font-size:clamp(0.875rem, 0.875rem + ((1vw - 0.2rem) * 0.591), 1.2rem);font-style:normal;font-weight:600;letter-spacing:1px;line-height:1.5;text-transform:none\">Contactez-nous<\/a><\/div>\n<\/div>\n<\/div>\n<\/div>\n<\/section>\n\n\n\n<div class=\"wp-block-cover alignfull is-light\" style=\"padding-top:6rem;padding-bottom:6rem\"><span aria-hidden=\"true\" class=\"wp-block-cover__background has-background-dim-10 has-background-dim\" style=\"background-color:#e27013\"><\/span><div class=\"wp-block-cover__inner-container has-global-padding is-layout-constrained wp-container-core-cover-is-layout-5cbdda46 wp-block-cover-is-layout-constrained\">\n<h2 class=\"wp-block-heading has-text-align-center has-text-color has-link-color has-suranna-font-family wp-elements-415880dbf7c5f1bb8e2be6cc16dfa458\" style=\"color:#000000;font-size:clamp(24.034px, 1.502rem + ((1vw - 3.2px) * 1.814), 40px);font-style:normal;font-weight:500;letter-spacing:1px\">Notre Parcours \u00c9lectrisant<\/h2>\n\n\n\n<p class=\"has-text-align-center has-text-color has-link-color wp-elements-be768ca94cb1844739b83735d5d9fc6d\" style=\"color:#000000;font-size:clamp(14px, 0.875rem + ((1vw - 3.2px) * 0.455), 18px);\">Notre aventure a commenc\u00e9 avec une passion pour l\u2019\u00e9lectricit\u00e9 et le d\u00e9sir d\u2019offrir des services de qualit\u00e9. ELTICABLE a vu le jour en France dans le Val de Marne, fond\u00e9e par un artisan d\u00e9termin\u00e9 \u00e0 apporter une expertise unique \u00e0 chaque projet. Avec des ann\u00e9es d\u2019exp\u00e9rience, nous avons \u00e9volu\u00e9, en nous sp\u00e9cialisant dans les travaux d\u2019\u00e9lectricit\u00e9 g\u00e9n\u00e9rale, les d\u00e9pannages et les mises en conformit\u00e9. Chaque jour, nous nous engageons \u00e0 am\u00e9liorer la vie de nos clients en rendant leur environnement plus s\u00fbr et plus fonctionnel. Notre succ\u00e8s repose sur la confiance, le professionnalisme et une attention particuli\u00e8re aux d\u00e9tails. Rejoignez-nous dans cette aventure \u00e9lectrisante !<\/p>\n\n\n\n<div class=\"wp-block-buttons is-horizontal is-content-justification-center is-layout-flex wp-container-core-buttons-is-layout-bb07f847 wp-block-buttons-is-layout-flex\" style=\"margin-top:30px\">\n<div class=\"wp-block-button has-custom-width wp-block-button__width-25 is-style-fill\"><a class=\"wp-block-button__link has-text-color has-background has-pontano-sans-font-family has-custom-font-size wp-element-button\" href=\"https:\/\/elticable.fr\/index.php\/services\/\" style=\"border-style:none;border-width:0px;border-radius:0rem;color:#fffffd;background-color:#e27013;padding-top:0.71rem;padding-right:0.31rem;padding-bottom:0.71rem;padding-left:0.31rem;box-shadow:12px 12px 50px rgba(0, 0, 0, 0.4);font-size:clamp(0.875rem, 0.875rem + ((1vw - 0.2rem) * 0.591), 1.2rem);font-style:normal;font-weight:600;letter-spacing:1px;line-height:1.5;text-transform:none\">D\u00e9couvrez-nous<\/a><\/div>\n<\/div>\n<\/div><\/div>\n\n\n\n<section class=\"wp-block-group alignfull has-global-padding is-layout-constrained wp-container-core-group-is-layout-8202059b wp-block-group-is-layout-constrained\" style=\"margin-top:0px;padding-top:6rem;padding-right:1rem;padding-bottom:6rem;padding-left:1rem;font-size:clamp(0.875rem, 0.875rem + ((1vw - 0.2rem) * 0.464), 1.13rem);font-style:normal;font-weight:400;line-height:1.4\">\n<div class=\"wp-block-columns is-layout-flex wp-container-core-columns-is-layout-03ad6a19 wp-block-columns-is-layout-flex\" style=\"margin-bottom:0px\">\n<div class=\"wp-block-column is-vertically-aligned-center has-global-padding is-layout-constrained wp-container-core-column-is-layout-c4a7d96a wp-block-column-is-layout-constrained\" style=\"flex-basis:50%\">\n<h3 class=\"wp-block-heading has-text-align-left has-text-color has-suranna-font-family\" style=\"color:#010101;margin-top:0.5rem;margin-bottom:0rem;font-size:clamp(24.034px, 1.502rem + ((1vw - 3.2px) * 1.814), 40px);font-style:normal;font-weight:500;letter-spacing:0px;line-height:1.3\">Nos Engagements<\/h3>\n\n\n\n<p class=\"has-text-align-left has-text-color has-pontano-sans-font-family\" style=\"color:#010101;margin-top:20px;margin-bottom:20px;font-size:clamp(14px, 0.875rem + ((1vw - 3.2px) * 0.455), 18px);font-style:normal;font-weight:400;line-height:1.5\">Chez ELTICABLE, nous nous engageons \u00e0 offrir un service exceptionnel \u00e0 chaque client. La s\u00e9curit\u00e9 est notre priorit\u00e9, garantissant que tous nos travaux respectent les normes les plus strictes et sont assur\u00e9s par une responsabilit\u00e9 civile professionnelle ainsi qu&rsquo;une garantie d\u00e9cennale. Nous valorisons la transparence, en communiquant clairement sur nos services et nos prix. Chaque projet est men\u00e9 avec passion et soin, car nous souhaitons que vous vous sentiez \u00e0 l\u02bcaise et en confiance. En choisissant ELTICABLE, vous optez pour un partenaire fiable, qui \u00e9coute vos besoins et s\u02bcefforce de d\u00e9passer vos attentes \u00e0 chaque \u00e9tape.<\/p>\n\n\n\n<div class=\"wp-block-buttons is-horizontal is-content-justification-left is-layout-flex wp-container-core-buttons-is-layout-2c34cf1c wp-block-buttons-is-layout-flex\" style=\"margin-top:0.51rem\">\n<div class=\"wp-block-button has-custom-width wp-block-button__width-50 is-style-fill\"><a class=\"wp-block-button__link has-text-color has-background has-pontano-sans-font-family has-custom-font-size wp-element-button\" href=\"https:\/\/elticable.fr\/index.php\/contact\/\" style=\"border-style:none;border-width:0px;border-radius:0rem;color:#fffffd;background-color:#e27013;padding-top:0.71rem;padding-right:0.31rem;padding-bottom:0.71rem;padding-left:0.31rem;box-shadow:12px 12px 50px rgba(0, 0, 0, 0.4);font-size:clamp(0.875rem, 0.875rem + ((1vw - 0.2rem) * 0.591), 1.2rem);font-style:normal;font-weight:600;letter-spacing:1px;line-height:1.5;text-transform:none\">Obtenez de l\u02bcaide<\/a><\/div>\n<\/div>\n<\/div>\n\n\n\n<div class=\"wp-block-column is-vertically-aligned-center is-layout-flow wp-block-column-is-layout-flow\" style=\"flex-basis:50%\">\n<figure class=\"wp-block-image alignright size-full has-custom-border\" style=\"margin-top:0;margin-bottom:0\"><img decoding=\"async\" width=\"1280\" height=\"1920\" src=\"https:\/\/elticable.fr\/wp-content\/uploads\/2026\/02\/pexels-cottonbro-5090636-1.jpg\" alt=\"\" class=\"wp-image-81\" style=\"border-style:none;border-width:0px;border-top-left-radius:30px;border-top-right-radius:30px;border-bottom-left-radius:30px;border-bottom-right-radius:30px;aspect-ratio:1;object-fit:cover\" srcset=\"https:\/\/elticable.fr\/wp-content\/uploads\/2026\/02\/pexels-cottonbro-5090636-1.jpg 1280w, https:\/\/elticable.fr\/wp-content\/uploads\/2026\/02\/pexels-cottonbro-5090636-1-200x300.jpg 200w, https:\/\/elticable.fr\/wp-content\/uploads\/2026\/02\/pexels-cottonbro-5090636-1-683x1024.jpg 683w, https:\/\/elticable.fr\/wp-content\/uploads\/2026\/02\/pexels-cottonbro-5090636-1-768x1152.jpg 768w, https:\/\/elticable.fr\/wp-content\/uploads\/2026\/02\/pexels-cottonbro-5090636-1-1024x1536.jpg 1024w\" sizes=\"(max-width: 1280px) 100vw, 1280px\" \/><\/figure>\n<\/div>\n<\/div>\n<\/section>\n\n\n\n\n\n<section class=\"wp-block-group alignfull has-text-color has-background has-global-padding is-layout-constrained wp-container-core-group-is-layout-ba2370d2 wp-block-group-is-layout-constrained\" style=\"color:#1f1f1f;background-color:#f5f5f5;margin-top:0px;padding-top:5rem;padding-right:0rem;padding-bottom:5rem;padding-left:0rem\">\n<div class=\"wp-block-columns are-vertically-aligned-center is-layout-flex wp-container-core-columns-is-layout-7a7902f5 wp-block-columns-is-layout-flex\" style=\"padding-right:1rem;padding-left:1rem\">\n<div class=\"wp-block-column is-vertically-aligned-center is-layout-flow wp-container-core-column-is-layout-89ac7667 wp-block-column-is-layout-flow\">\n<div class=\"wp-block-group has-global-padding is-layout-constrained wp-container-core-group-is-layout-4b51d69f wp-block-group-is-layout-constrained\" style=\"padding-top:1rem;padding-bottom:1rem\">\n<h2 class=\"wp-block-heading has-text-color has-link-color wp-elements-a58c97c964934ce431c9bac374fb067f\" style=\"color:#1f1f1f;font-size:clamp(1.502rem, 1.502rem + ((1vw - 0.2rem) * 1.815), 2.5rem);letter-spacing:1.5px;line-height:0\">2<\/h2>\n\n\n\n<p class=\"has-text-color has-link-color wp-elements-feaee7cc2f003e4bcb21620b247579e3\" style=\"color:#1f1f1f;padding-top:0px;padding-right:0;padding-bottom:0px;padding-left:0;font-size:clamp(0.929rem, 0.929rem + ((1vw - 0.2rem) * 0.856), 1.4rem);font-style:normal;font-weight:500\">Assurances Professionnelles<\/p>\n\n\n\n<p class=\"has-text-color has-link-color wp-elements-4882bad322ffa661974ddc132d7cfaad\" style=\"color:#1f1f1f;font-size:clamp(0.875rem, 0.875rem + ((1vw - 0.2rem) * 0.409), 1.1rem);\">Toutes nos interventions sont couvertes par une responsabilit\u00e9 civile professionnelle ainsi qu&rsquo;une garantie d\u00e9cennale.<\/p>\n<\/div>\n<\/div>\n\n\n\n<div class=\"wp-block-column is-vertically-aligned-center is-layout-flow wp-block-column-is-layout-flow\">\n<div class=\"wp-block-group has-global-padding is-layout-constrained wp-container-core-group-is-layout-4b51d69f wp-block-group-is-layout-constrained\" style=\"padding-top:1rem;padding-bottom:1rem\">\n<h2 class=\"wp-block-heading has-text-color has-link-color wp-elements-d98eef7c839cf1c940a981dac34b56a2\" style=\"color:#1f1f1f;font-size:clamp(1.502rem, 1.502rem + ((1vw - 0.2rem) * 1.815), 2.5rem);letter-spacing:1.5px;line-height:0\">24h<\/h2>\n\n\n\n<p class=\"has-text-color has-link-color wp-elements-0f0b1c14b0e51fa1bd9661fc5eb720f0\" style=\"color:#1f1f1f;font-size:clamp(0.929rem, 0.929rem + ((1vw - 0.2rem) * 0.856), 1.4rem);font-style:normal;font-weight:500\">Assistance Rapide<\/p>\n\n\n\n<p class=\"has-text-color has-link-color wp-elements-18b7eaabc0a2bdb4346b93ce32010f57\" style=\"color:#1f1f1f;font-size:clamp(0.875rem, 0.875rem + ((1vw - 0.2rem) * 0.409), 1.1rem);\">Disponible 24h\/24 pour vos urgences \u00e9lectriques. Notre \u00e9quipe r\u00e9agit rapidement pour r\u00e9soudre vos probl\u00e8mes en toute s\u00e9r\u00e9nit\u00e9.<\/p>\n<\/div>\n<\/div>\n\n\n\n<div class=\"wp-block-column is-vertically-aligned-center is-layout-flow wp-block-column-is-layout-flow\">\n<div class=\"wp-block-group has-global-padding is-layout-constrained wp-container-core-group-is-layout-4b51d69f wp-block-group-is-layout-constrained\" style=\"padding-top:1rem;padding-bottom:1rem\">\n<h2 class=\"wp-block-heading has-text-color has-link-color wp-elements-d9223731b59e604793d5b927ed8f6c8e\" style=\"color:#1f1f1f;font-size:clamp(1.502rem, 1.502rem + ((1vw - 0.2rem) * 1.815), 2.5rem);letter-spacing:1.5px;line-height:0\">100%<\/h2>\n\n\n\n<p class=\"has-text-color has-link-color wp-elements-32159ef200d5e2b23b9e1086a57c4279\" style=\"color:#1f1f1f;font-size:clamp(0.929rem, 0.929rem + ((1vw - 0.2rem) * 0.856), 1.4rem);font-style:normal;font-weight:500\">Satisfaction Garantie<\/p>\n\n\n\n<p class=\"has-text-color has-link-color wp-elements-2269aca14c1a4335ff4b588957500503\" style=\"color:#1f1f1f;font-size:clamp(0.875rem, 0.875rem + ((1vw - 0.2rem) * 0.409), 1.1rem);\">Nous garantissons 100% de satisfaction sur nos services. Votre confiance est notre priorit\u00e9, et nous nous engageons \u00e0 vous satisfaire pleinement.<\/p>\n<\/div>\n<\/div>\n<\/div>\n<\/section>\n\n\n\n<section class=\"wp-block-cover alignfull\" style=\"margin-top:0px;padding-top:1.01rem;padding-bottom:1.01rem;min-height:430px;aspect-ratio:unset;\"><img loading=\"lazy\" decoding=\"async\" width=\"1024\" height=\"683\" class=\"wp-block-cover__image-background wp-image-86 size-large\" alt=\"\" src=\"https:\/\/elticable.fr\/wp-content\/uploads\/2026\/02\/pexels-cottonbro-5090652-1024x683.jpg\" data-object-fit=\"cover\" srcset=\"https:\/\/elticable.fr\/wp-content\/uploads\/2026\/02\/pexels-cottonbro-5090652-1024x683.jpg 1024w, https:\/\/elticable.fr\/wp-content\/uploads\/2026\/02\/pexels-cottonbro-5090652-300x200.jpg 300w, https:\/\/elticable.fr\/wp-content\/uploads\/2026\/02\/pexels-cottonbro-5090652-768x512.jpg 768w, https:\/\/elticable.fr\/wp-content\/uploads\/2026\/02\/pexels-cottonbro-5090652-1536x1024.jpg 1536w, https:\/\/elticable.fr\/wp-content\/uploads\/2026\/02\/pexels-cottonbro-5090652.jpg 1920w\" sizes=\"(max-width: 1024px) 100vw, 1024px\" \/><span aria-hidden=\"true\" class=\"wp-block-cover__background has-background-dim-40 has-background-dim wp-block-cover__gradient-background has-background-gradient\" style=\"background:linear-gradient(135deg,rgb(255,203,112) 0%,rgb(0,0,0) 50%,rgb(255,239,120) 99%)\"><\/span><div class=\"wp-block-cover__inner-container has-global-padding is-layout-constrained wp-container-core-cover-is-layout-b1bebcb3 wp-block-cover-is-layout-constrained\">\n<div class=\"wp-block-group has-text-color is-layout-flow wp-block-group-is-layout-flow\" style=\"color:#fffffd;margin-top:0px;padding-top:0rem;padding-right:1rem;padding-bottom:0rem;padding-left:1rem;font-size:clamp(0.875rem, 0.875rem + ((1vw - 0.2rem) * 0.464), 1.13rem);font-style:normal;font-weight:400;line-height:1.4\">\n<div class=\"wp-block-group has-global-padding is-layout-constrained wp-container-core-group-is-layout-bdbfdc43 wp-block-group-is-layout-constrained\">\n<p class=\"has-text-align-center has-text-color\" style=\"color:#fffffd;margin-bottom:0rem;font-size:clamp(1.507rem, 1.507rem + ((1vw - 0.2rem) * 1.824), 2.51rem);font-style:normal;font-weight:400;line-height:1.2\">Votre satisfaction est notre priorit\u00e9, chaque projet est un d\u00e9fi que nous sommes pr\u00eats \u00e0 relever.<\/p>\n<\/div>\n\n\n\n<div class=\"wp-block-group is-vertical is-content-justification-stretch is-layout-flex wp-container-core-group-is-layout-bfdebe91 wp-block-group-is-layout-flex\" style=\"margin-top:1.81rem;padding-right:0px;padding-left:0px\">\n<div class=\"wp-block-group has-global-padding is-content-justification-center is-layout-constrained wp-container-core-group-is-layout-2f0bcb29 wp-block-group-is-layout-constrained\" style=\"margin-top:0px\">\n<div class=\"wp-block-buttons is-horizontal is-content-justification-right is-layout-flex wp-container-core-buttons-is-layout-099266fd wp-block-buttons-is-layout-flex\" style=\"margin-top:0.51rem\">\n<div class=\"wp-block-button has-custom-width wp-block-button__width-100 is-style-fill\"><a class=\"wp-block-button__link has-text-color has-background has-custom-font-size wp-element-button\" href=\"https:\/\/elticable.fr\/index.php\/contact\/\" style=\"border-style:none;border-width:0px;border-radius:0rem;color:#fffffd;background-color:#e27013;padding-top:0.71rem;padding-right:0.31rem;padding-bottom:0.71rem;padding-left:0.31rem;box-shadow:12px 12px 50px rgba(0, 0, 0, 0.4);font-size:clamp(0.875rem, 0.875rem + ((1vw - 0.2rem) * 0.245), 1.01rem);font-style:normal;font-weight:600;line-height:1.5;text-transform:uppercase\">CONTACTER ELTICABLE<\/a><\/div>\n<\/div>\n<\/div>\n<\/div>\n<\/div>\n<\/div><\/section>\n\n\n\n<p><\/p>\n","protected":false},"excerpt":{"rendered":"<p>Votre \u00c9nergie, Notre Passion Chez ELTICABLE, nous croyons que chaque foyer m\u00e9rite une \u00e9lectricit\u00e9 s\u00fbre et efficace. Notre \u00e9quipe d\u2019artisans qualifi\u00e9s est d\u00e9di\u00e9e \u00e0 fournir des services d\u2019\u00e9lectricit\u00e9 g\u00e9n\u00e9rale, des d\u00e9pannages rapides et des mises en conformit\u00e9 rigoureuses. Bas\u00e9s dans le Val de Marne, nous sommes fiers de notre savoir-faire et de notre engagement envers [&hellip;]<\/p>\n","protected":false},"author":1,"featured_media":0,"parent":0,"menu_order":0,"comment_status":"closed","ping_status":"closed","template":"","meta":{"footnotes":""},"class_list":["post-14","page","type-page","status-publish","hentry"],"_links":{"self":[{"href":"https:\/\/elticable.fr\/index.php\/wp-json\/wp\/v2\/pages\/14","targetHints":{"allow":["GET"]}}],"collection":[{"href":"https:\/\/elticable.fr\/index.php\/wp-json\/wp\/v2\/pages"}],"about":[{"href":"https:\/\/elticable.fr\/index.php\/wp-json\/wp\/v2\/types\/page"}],"author":[{"embeddable":true,"href":"https:\/\/elticable.fr\/index.php\/wp-json\/wp\/v2\/users\/1"}],"replies":[{"embeddable":true,"href":"https:\/\/elticable.fr\/index.php\/wp-json\/wp\/v2\/comments?post=14"}],"version-history":[{"count":23,"href":"https:\/\/elticable.fr\/index.php\/wp-json\/wp\/v2\/pages\/14\/revisions"}],"predecessor-version":[{"id":291,"href":"https:\/\/elticable.fr\/index.php\/wp-json\/wp\/v2\/pages\/14\/revisions\/291"}],"wp:attachment":[{"href":"https:\/\/elticable.fr\/index.php\/wp-json\/wp\/v2\/media?parent=14"}],"curies":[{"name":"wp","href":"https:\/\/api.w.org\/{rel}","templated":true}]}}